{"id":2789,"date":"2026-03-01T21:26:13","date_gmt":"2026-03-01T20:26:13","guid":{"rendered":"https:\/\/www.komanche.fr\/?page_id=2789"},"modified":"2026-03-10T14:05:03","modified_gmt":"2026-03-10T13:05:03","slug":"contact","status":"publish","type":"page","link":"https:\/\/www.komanche.fr\/eu\/contact\/","title":{"rendered":"Contact"},"content":{"rendered":"\t\t<div data-elementor-type=\"wp-page\" data-elementor-id=\"2789\" class=\"elementor elementor-2789\">\n\t\t\t\t<div class=\"elementor-element elementor-element-c055c66 e-flex e-con-boxed e-con e-parent\" data-id=\"c055c66\" data-element_type=\"container\" data-e-type=\"container\" data-settings=\"{&quot;background_background&quot;:&quot;classic&quot;}\">\n\t\t\t\t\t<div class=\"e-con-inner\">\n\t\t<div class=\"elementor-element elementor-element-b6ff0c8 e-con-full e-flex e-con e-child\" data-id=\"b6ff0c8\" data-element_type=\"container\" data-e-type=\"container\" data-settings=\"{&quot;background_background&quot;:&quot;classic&quot;}\">\n\t\t\t\t<div class=\"elementor-element elementor-element-553fdd2 raven-form-button-align-spaced elementor-widget elementor-widget-raven-form\" data-id=\"553fdd2\" data-element_type=\"widget\" data-e-type=\"widget\" data-settings=\"{&quot;fields&quot;:[{&quot;label&quot;:&quot;Name&quot;,&quot;field_custom_id&quot;:&quot;name&quot;,&quot;placeholder&quot;:&quot;Name&quot;,&quot;_id&quot;:&quot;c3b2dab&quot;,&quot;acceptance_text&quot;:null,&quot;step_previous_button&quot;:null,&quot;step_next_button&quot;:null,&quot;required&quot;:&quot;true&quot;,&quot;type&quot;:&quot;text&quot;,&quot;recaptcha_badge&quot;:null,&quot;recaptcha_theme&quot;:null,&quot;recaptcha_size&quot;:null,&quot;checked_by_default&quot;:null,&quot;min_time&quot;:null,&quot;max_time&quot;:null,&quot;min_date&quot;:null,&quot;max_date&quot;:null,&quot;localization&quot;:null,&quot;min&quot;:null,&quot;max&quot;:null,&quot;field_options&quot;:null,&quot;inline_list&quot;:null,&quot;field_html&quot;:null,&quot;native_html5&quot;:null,&quot;multiple_selection&quot;:null,&quot;rows&quot;:null,&quot;iti_tel&quot;:null,&quot;iti_tel_tel_type&quot;:null,&quot;iti_tel_require_area&quot;:null,&quot;iti_tel_allow_dropdown&quot;:null,&quot;iti_tel_country_include&quot;:null,&quot;iti_tel_ip_detect&quot;:null,&quot;iti_tel_internationalize&quot;:null,&quot;file_sizes&quot;:null,&quot;file_types&quot;:null,&quot;allow_multiple_upload&quot;:null,&quot;max_files&quot;:null,&quot;step_icon&quot;:null,&quot;width&quot;:&quot;100&quot;,&quot;field_value&quot;:&quot;&quot;},{&quot;label&quot;:&quot;Email&quot;,&quot;field_custom_id&quot;:&quot;email&quot;,&quot;type&quot;:&quot;email&quot;,&quot;placeholder&quot;:&quot;Email&quot;,&quot;required&quot;:&quot;true&quot;,&quot;_id&quot;:&quot;7cbe06e&quot;,&quot;acceptance_text&quot;:null,&quot;step_previous_button&quot;:null,&quot;step_next_button&quot;:null,&quot;recaptcha_badge&quot;:null,&quot;recaptcha_theme&quot;:null,&quot;recaptcha_size&quot;:null,&quot;checked_by_default&quot;:null,&quot;min_time&quot;:null,&quot;max_time&quot;:null,&quot;min_date&quot;:null,&quot;max_date&quot;:null,&quot;localization&quot;:null,&quot;min&quot;:null,&quot;max&quot;:null,&quot;field_options&quot;:null,&quot;inline_list&quot;:null,&quot;field_html&quot;:null,&quot;native_html5&quot;:null,&quot;multiple_selection&quot;:null,&quot;rows&quot;:null,&quot;iti_tel&quot;:null,&quot;iti_tel_tel_type&quot;:null,&quot;iti_tel_require_area&quot;:null,&quot;iti_tel_allow_dropdown&quot;:null,&quot;iti_tel_country_include&quot;:null,&quot;iti_tel_ip_detect&quot;:null,&quot;iti_tel_internationalize&quot;:null,&quot;file_sizes&quot;:null,&quot;file_types&quot;:null,&quot;allow_multiple_upload&quot;:null,&quot;max_files&quot;:null,&quot;step_icon&quot;:null,&quot;width&quot;:&quot;100&quot;,&quot;field_value&quot;:&quot;&quot;},{&quot;label&quot;:&quot;Message&quot;,&quot;field_custom_id&quot;:&quot;message&quot;,&quot;type&quot;:&quot;textarea&quot;,&quot;placeholder&quot;:&quot;Message&quot;,&quot;_id&quot;:&quot;b954080&quot;,&quot;acceptance_text&quot;:null,&quot;step_previous_button&quot;:null,&quot;step_next_button&quot;:null,&quot;required&quot;:&quot;true&quot;,&quot;recaptcha_badge&quot;:null,&quot;recaptcha_theme&quot;:null,&quot;recaptcha_size&quot;:null,&quot;checked_by_default&quot;:null,&quot;min_time&quot;:null,&quot;max_time&quot;:null,&quot;min_date&quot;:null,&quot;max_date&quot;:null,&quot;localization&quot;:null,&quot;min&quot;:null,&quot;max&quot;:null,&quot;field_options&quot;:null,&quot;inline_list&quot;:null,&quot;field_html&quot;:null,&quot;native_html5&quot;:null,&quot;multiple_selection&quot;:null,&quot;rows&quot;:5,&quot;iti_tel&quot;:null,&quot;iti_tel_tel_type&quot;:null,&quot;iti_tel_require_area&quot;:null,&quot;iti_tel_allow_dropdown&quot;:null,&quot;iti_tel_country_include&quot;:null,&quot;iti_tel_ip_detect&quot;:null,&quot;iti_tel_internationalize&quot;:null,&quot;file_sizes&quot;:null,&quot;file_types&quot;:null,&quot;allow_multiple_upload&quot;:null,&quot;max_files&quot;:null,&quot;step_icon&quot;:null,&quot;width&quot;:&quot;100&quot;,&quot;field_value&quot;:&quot;&quot;}],&quot;steps_type&quot;:&quot;number&quot;,&quot;steps_icon_shape&quot;:&quot;circle&quot;}\" data-widget_type=\"raven-form.default\">\n\t\t\t\t<div class=\"elementor-widget-container\">\n\t\t\t\t\t\t\t<form class=\"raven-form raven-flex raven-flex-wrap raven-flex-bottom raven-hide-required-mark\" method=\"post\" name=\"New form\">\n\t\t\t<input type=\"hidden\" name=\"post_id\" value=\"2789\" \/>\n\t\t\t<input type=\"hidden\" name=\"form_id\" value=\"553fdd2\" \/>\n\t\t\t\t\t<div id=\"raven-field-group-c3b2dab\" class=\"raven-flex-wrap raven-field-type-text raven-field-group elementor-column elementor-col-100 raven-field-required\">\n\t\t\t\t\t<input\n\t\t\toninput=\"onInvalidRavenFormField(event)\"\n\t\t\toninvalid=\"onInvalidRavenFormField(event)\"\n\t\t\ttype=\"text\" name=\"fields[c3b2dab]\" id=\"form-field-c3b2dab\" class=\"raven-field\" placeholder=\"Name\" data-type=\"text\" data-custom-id=\"name\" required=\"required\">\n\t\t\t\t<\/div>\n\t\t\t\t<div id=\"raven-field-group-7cbe06e\" class=\"raven-flex-wrap raven-field-type-email raven-field-group elementor-column elementor-col-100 raven-field-required\">\n\t\t\t\t\t<input\n\t\t\toninput=\"onInvalidRavenFormField(event)\"\n\t\t\toninvalid=\"onInvalidRavenFormField(event)\"\n\t\t\ttype=\"email\" name=\"fields[7cbe06e]\" id=\"form-field-7cbe06e\" class=\"raven-field\" placeholder=\"Email\" data-type=\"email\" data-custom-id=\"email\" required=\"required\">\n\t\t\t\t<\/div>\n\t\t\t\t<div id=\"raven-field-group-b954080\" class=\"raven-flex-wrap raven-field-type-textarea raven-field-group elementor-column elementor-col-100 raven-field-required\">\n\t\t\t\t\t<textarea\n\t\t\toninput=\"onInvalidRavenFormField(event)\"\n\t\t\toninvalid=\"onInvalidRavenFormField(event)\"\n\t\t\ttype=\"textarea\" name=\"fields[b954080]\" id=\"form-field-b954080\" class=\"raven-field\" placeholder=\"Message\" data-type=\"textarea\" data-custom-id=\"message\" required=\"required\"\t\t\trows=\"5\"><\/textarea>\n\t\t\t\t<\/div>\n\t\t\t\t\t\t\t<div class=\"raven-field-group raven-field-type-submit-button elementor-column elementor-col-100\">\n\t\t\t\t\t\t\t\t\t<button class=\"raven-submit-button\" type=\"submit\">\n\t\t\t\t\t\t<span>Send<\/span>\n\t\t<\/button>\n\t\t\t\t\t\t\t<\/div>\n\t\t\t\t<\/form>\n\n\t\t\t\t\t\t\t\t<\/div>\n\t\t\t\t<\/div>\n\t\t\t\t<div class=\"elementor-element elementor-element-5cc055d elementor-widget-divider--view-line elementor-widget elementor-widget-divider\" data-id=\"5cc055d\" data-element_type=\"widget\" data-e-type=\"widget\" data-widget_type=\"divider.default\">\n\t\t\t\t\t\t\t<div class=\"elementor-divider\">\n\t\t\t<span class=\"elementor-divider-separator\">\n\t\t\t\t\t\t<\/span>\n\t\t<\/div>\n\t\t\t\t\t\t<\/div>\n\t\t\t\t<div class=\"elementor-element elementor-element-c16a439 elementor-widget elementor-widget-image\" data-id=\"c16a439\" data-element_type=\"widget\" data-e-type=\"widget\" data-widget_type=\"image.default\">\n\t\t\t\t\t\t\t\t\t\t\t\t\t\t\t<img fetchpriority=\"high\" decoding=\"async\" width=\"1024\" height=\"285\" src=\"https:\/\/www.komanche.fr\/eu\/wp-content\/uploads\/2026\/01\/Komanche-logo-2000-1-1024x285.png\" class=\"attachment-large size-large wp-image-2762\" alt=\"\" srcset=\"https:\/\/www.komanche.fr\/eu\/wp-content\/uploads\/2026\/01\/Komanche-logo-2000-1-1024x285.png 1024w, https:\/\/www.komanche.fr\/eu\/wp-content\/uploads\/2026\/01\/Komanche-logo-2000-1-300x84.png 300w, https:\/\/www.komanche.fr\/eu\/wp-content\/uploads\/2026\/01\/Komanche-logo-2000-1-768x214.png 768w, https:\/\/www.komanche.fr\/eu\/wp-content\/uploads\/2026\/01\/Komanche-logo-2000-1-1536x428.png 1536w, https:\/\/www.komanche.fr\/eu\/wp-content\/uploads\/2026\/01\/Komanche-logo-2000-1.png 2000w\" sizes=\"(max-width: 1024px) 100vw, 1024px\" \/>\t\t\t\t\t\t\t\t\t\t\t\t\t\t\t<\/div>\n\t\t\t\t<div class=\"elementor-element elementor-element-ca0c8d9 elementor-widget elementor-widget-text-editor\" data-id=\"ca0c8d9\" data-element_type=\"widget\" data-e-type=\"widget\" data-widget_type=\"text-editor.default\">\n\t\t\t\t\t\t\t\t\t<p>1 Avenue Hubert Curien<br \/>Campus de l\u2019espace<br \/>27207 Vernon<\/p><p><strong>Phone : +33 (09 74 90 74 74<\/strong><br \/>Email : contact@komanche.fr<\/p>\t\t\t\t\t\t\t\t<\/div>\n\t\t\t\t<\/div>\n\t\t\t\t\t<\/div>\n\t\t\t\t<\/div>\n\t\t\t\t<\/div>\n\t\t","protected":false},"excerpt":{"rendered":"<p>Send 1 Avenue Hubert CurienCampus de l\u2019espace27207 Vernon Phone : +33 (09 74 90 74 74Email : contact@komanche.fr<\/p>\n","protected":false},"author":1,"featured_media":0,"parent":0,"menu_order":10,"comment_status":"closed","ping_status":"closed","template":"elementor_header_footer","meta":{"_acf_changed":false,"footnotes":""},"class_list":["post-2789","page","type-page","status-publish","hentry"],"acf":[],"yoast_head":"<!-- This site is optimized with the Yoast SEO plugin v27.2 - https:\/\/yoast.com\/product\/yoast-seo-wordpress\/ -->\n<title>Contact - Komanche<\/title>\n<meta name=\"robots\" content=\"index, follow, max-snippet:-1, max-image-preview:large, max-video-preview:-1\" \/>\n<link rel=\"canonical\" href=\"https:\/\/www.komanche.fr\/eu\/contact\/\" \/>\n<meta property=\"og:locale\" content=\"fr_FR\" \/>\n<meta property=\"og:type\" content=\"article\" \/>\n<meta property=\"og:title\" content=\"Contact - Komanche\" \/>\n<meta property=\"og:description\" content=\"Send 1 Avenue Hubert CurienCampus de l\u2019espace27207 Vernon Phone : +33 (09 74 90 74 74Email : contact@komanche.fr\" \/>\n<meta property=\"og:url\" content=\"https:\/\/www.komanche.fr\/eu\/contact\/\" \/>\n<meta property=\"og:site_name\" content=\"Komanche\" \/>\n<meta property=\"article:modified_time\" content=\"2026-03-10T13:05:03+00:00\" \/>\n<meta property=\"og:image\" content=\"https:\/\/www.komanche.fr\/eu\/wp-content\/uploads\/2026\/01\/Komanche-logo-2000-1.png\" \/>\n\t<meta property=\"og:image:width\" content=\"2000\" \/>\n\t<meta property=\"og:image:height\" content=\"557\" \/>\n\t<meta property=\"og:image:type\" content=\"image\/png\" \/>\n<meta name=\"twitter:card\" content=\"summary_large_image\" \/>\n<meta name=\"twitter:label1\" content=\"Dur\u00e9e de lecture estim\u00e9e\" \/>\n\t<meta name=\"twitter:data1\" content=\"1 minute\" \/>\n<script type=\"application\/ld+json\" class=\"yoast-schema-graph\">{\"@context\":\"https:\/\/schema.org\",\"@graph\":[{\"@type\":\"WebPage\",\"@id\":\"https:\/\/www.komanche.fr\/eu\/contact\/\",\"url\":\"https:\/\/www.komanche.fr\/eu\/contact\/\",\"name\":\"Contact - Komanche\",\"isPartOf\":{\"@id\":\"https:\/\/www.komanche.fr\/eu\/#website\"},\"primaryImageOfPage\":{\"@id\":\"https:\/\/www.komanche.fr\/eu\/contact\/#primaryimage\"},\"image\":{\"@id\":\"https:\/\/www.komanche.fr\/eu\/contact\/#primaryimage\"},\"thumbnailUrl\":\"https:\/\/www.komanche.fr\/eu\/wp-content\/uploads\/2026\/01\/Komanche-logo-2000-1-1024x285.png\",\"datePublished\":\"2026-03-01T20:26:13+00:00\",\"dateModified\":\"2026-03-10T13:05:03+00:00\",\"breadcrumb\":{\"@id\":\"https:\/\/www.komanche.fr\/eu\/contact\/#breadcrumb\"},\"inLanguage\":\"fr-FR\",\"potentialAction\":[{\"@type\":\"ReadAction\",\"target\":[\"https:\/\/www.komanche.fr\/eu\/contact\/\"]}]},{\"@type\":\"ImageObject\",\"inLanguage\":\"fr-FR\",\"@id\":\"https:\/\/www.komanche.fr\/eu\/contact\/#primaryimage\",\"url\":\"https:\/\/www.komanche.fr\/eu\/wp-content\/uploads\/2026\/01\/Komanche-logo-2000-1.png\",\"contentUrl\":\"https:\/\/www.komanche.fr\/eu\/wp-content\/uploads\/2026\/01\/Komanche-logo-2000-1.png\",\"width\":2000,\"height\":557},{\"@type\":\"BreadcrumbList\",\"@id\":\"https:\/\/www.komanche.fr\/eu\/contact\/#breadcrumb\",\"itemListElement\":[{\"@type\":\"ListItem\",\"position\":1,\"name\":\"Accueil\",\"item\":\"https:\/\/www.komanche.fr\/eu\/\"},{\"@type\":\"ListItem\",\"position\":2,\"name\":\"Contact\"}]},{\"@type\":\"WebSite\",\"@id\":\"https:\/\/www.komanche.fr\/eu\/#website\",\"url\":\"https:\/\/www.komanche.fr\/eu\/\",\"name\":\"Komanche\",\"description\":\"Concepteur de syst\u00e8mes de s\u00fbret\u00e9 complexes, Souverains, intelligents et r\u00e9silients, con\u00e7us pour des environnements contraints.\",\"publisher\":{\"@id\":\"https:\/\/www.komanche.fr\/eu\/#organization\"},\"potentialAction\":[{\"@type\":\"SearchAction\",\"target\":{\"@type\":\"EntryPoint\",\"urlTemplate\":\"https:\/\/www.komanche.fr\/eu\/?s={search_term_string}\"},\"query-input\":{\"@type\":\"PropertyValueSpecification\",\"valueRequired\":true,\"valueName\":\"search_term_string\"}}],\"inLanguage\":\"fr-FR\"},{\"@type\":\"Organization\",\"@id\":\"https:\/\/www.komanche.fr\/eu\/#organization\",\"name\":\"Komanche\",\"url\":\"https:\/\/www.komanche.fr\/eu\/\",\"logo\":{\"@type\":\"ImageObject\",\"inLanguage\":\"fr-FR\",\"@id\":\"https:\/\/www.komanche.fr\/eu\/#\/schema\/logo\/image\/\",\"url\":\"https:\/\/www.komanche.fr\/eu\/wp-content\/uploads\/2026\/03\/Komanche-logo-1300-1.png\",\"contentUrl\":\"https:\/\/www.komanche.fr\/eu\/wp-content\/uploads\/2026\/03\/Komanche-logo-1300-1.png\",\"width\":1300,\"height\":774,\"caption\":\"Komanche\"},\"image\":{\"@id\":\"https:\/\/www.komanche.fr\/eu\/#\/schema\/logo\/image\/\"}}]}<\/script>\n<!-- \/ Yoast SEO plugin. -->","yoast_head_json":{"title":"Contact - Komanche","robots":{"index":"index","follow":"follow","max-snippet":"max-snippet:-1","max-image-preview":"max-image-preview:large","max-video-preview":"max-video-preview:-1"},"canonical":"https:\/\/www.komanche.fr\/eu\/contact\/","og_locale":"fr_FR","og_type":"article","og_title":"Contact - Komanche","og_description":"Send 1 Avenue Hubert CurienCampus de l\u2019espace27207 Vernon Phone : +33 (09 74 90 74 74Email : contact@komanche.fr","og_url":"https:\/\/www.komanche.fr\/eu\/contact\/","og_site_name":"Komanche","article_modified_time":"2026-03-10T13:05:03+00:00","og_image":[{"width":2000,"height":557,"url":"https:\/\/www.komanche.fr\/eu\/wp-content\/uploads\/2026\/01\/Komanche-logo-2000-1.png","type":"image\/png"}],"twitter_card":"summary_large_image","twitter_misc":{"Dur\u00e9e de lecture estim\u00e9e":"1 minute"},"schema":{"@context":"https:\/\/schema.org","@graph":[{"@type":"WebPage","@id":"https:\/\/www.komanche.fr\/eu\/contact\/","url":"https:\/\/www.komanche.fr\/eu\/contact\/","name":"Contact - Komanche","isPartOf":{"@id":"https:\/\/www.komanche.fr\/eu\/#website"},"primaryImageOfPage":{"@id":"https:\/\/www.komanche.fr\/eu\/contact\/#primaryimage"},"image":{"@id":"https:\/\/www.komanche.fr\/eu\/contact\/#primaryimage"},"thumbnailUrl":"https:\/\/www.komanche.fr\/eu\/wp-content\/uploads\/2026\/01\/Komanche-logo-2000-1-1024x285.png","datePublished":"2026-03-01T20:26:13+00:00","dateModified":"2026-03-10T13:05:03+00:00","breadcrumb":{"@id":"https:\/\/www.komanche.fr\/eu\/contact\/#breadcrumb"},"inLanguage":"fr-FR","potentialAction":[{"@type":"ReadAction","target":["https:\/\/www.komanche.fr\/eu\/contact\/"]}]},{"@type":"ImageObject","inLanguage":"fr-FR","@id":"https:\/\/www.komanche.fr\/eu\/contact\/#primaryimage","url":"https:\/\/www.komanche.fr\/eu\/wp-content\/uploads\/2026\/01\/Komanche-logo-2000-1.png","contentUrl":"https:\/\/www.komanche.fr\/eu\/wp-content\/uploads\/2026\/01\/Komanche-logo-2000-1.png","width":2000,"height":557},{"@type":"BreadcrumbList","@id":"https:\/\/www.komanche.fr\/eu\/contact\/#breadcrumb","itemListElement":[{"@type":"ListItem","position":1,"name":"Accueil","item":"https:\/\/www.komanche.fr\/eu\/"},{"@type":"ListItem","position":2,"name":"Contact"}]},{"@type":"WebSite","@id":"https:\/\/www.komanche.fr\/eu\/#website","url":"https:\/\/www.komanche.fr\/eu\/","name":"Komanche","description":"Concepteur de syst\u00e8mes de s\u00fbret\u00e9 complexes, Souverains, intelligents et r\u00e9silients, con\u00e7us pour des environnements contraints.","publisher":{"@id":"https:\/\/www.komanche.fr\/eu\/#organization"},"potentialAction":[{"@type":"SearchAction","target":{"@type":"EntryPoint","urlTemplate":"https:\/\/www.komanche.fr\/eu\/?s={search_term_string}"},"query-input":{"@type":"PropertyValueSpecification","valueRequired":true,"valueName":"search_term_string"}}],"inLanguage":"fr-FR"},{"@type":"Organization","@id":"https:\/\/www.komanche.fr\/eu\/#organization","name":"Komanche","url":"https:\/\/www.komanche.fr\/eu\/","logo":{"@type":"ImageObject","inLanguage":"fr-FR","@id":"https:\/\/www.komanche.fr\/eu\/#\/schema\/logo\/image\/","url":"https:\/\/www.komanche.fr\/eu\/wp-content\/uploads\/2026\/03\/Komanche-logo-1300-1.png","contentUrl":"https:\/\/www.komanche.fr\/eu\/wp-content\/uploads\/2026\/03\/Komanche-logo-1300-1.png","width":1300,"height":774,"caption":"Komanche"},"image":{"@id":"https:\/\/www.komanche.fr\/eu\/#\/schema\/logo\/image\/"}}]}},"_links":{"self":[{"href":"https:\/\/www.komanche.fr\/eu\/wp-json\/wp\/v2\/pages\/2789","targetHints":{"allow":["GET"]}}],"collection":[{"href":"https:\/\/www.komanche.fr\/eu\/wp-json\/wp\/v2\/pages"}],"about":[{"href":"https:\/\/www.komanche.fr\/eu\/wp-json\/wp\/v2\/types\/page"}],"author":[{"embeddable":true,"href":"https:\/\/www.komanche.fr\/eu\/wp-json\/wp\/v2\/users\/1"}],"replies":[{"embeddable":true,"href":"https:\/\/www.komanche.fr\/eu\/wp-json\/wp\/v2\/comments?post=2789"}],"version-history":[{"count":22,"href":"https:\/\/www.komanche.fr\/eu\/wp-json\/wp\/v2\/pages\/2789\/revisions"}],"predecessor-version":[{"id":3053,"href":"https:\/\/www.komanche.fr\/eu\/wp-json\/wp\/v2\/pages\/2789\/revisions\/3053"}],"wp:attachment":[{"href":"https:\/\/www.komanche.fr\/eu\/wp-json\/wp\/v2\/media?parent=2789"}],"curies":[{"name":"wp","href":"https:\/\/api.w.org\/{rel}","templated":true}]}}