{"id":2122,"date":"2026-02-24T10:07:33","date_gmt":"2026-02-24T09:07:33","guid":{"rendered":"http:\/\/asvxadw.cluster100.hosting.ovh.net\/?page_id=2122"},"modified":"2026-03-10T12:05:14","modified_gmt":"2026-03-10T11:05:14","slug":"industries","status":"publish","type":"page","link":"https:\/\/www.komanche.fr\/eu\/industries\/","title":{"rendered":"Industries"},"content":{"rendered":"\t\t<div data-elementor-type=\"wp-page\" data-elementor-id=\"2122\" class=\"elementor elementor-2122\">\n\t\t\t\t<div class=\"elementor-element elementor-element-c055c66 e-flex e-con-boxed e-con e-parent\" data-id=\"c055c66\" data-element_type=\"container\" data-e-type=\"container\" data-settings=\"{&quot;background_background&quot;:&quot;video&quot;}\">\n\t\t\t\t\t<div class=\"e-con-inner\">\n\t\t\t\t<div class=\"elementor-element elementor-element-e96d0e0 animated-slow elementor-invisible elementor-widget elementor-widget-text-editor\" data-id=\"e96d0e0\" data-element_type=\"widget\" data-e-type=\"widget\" data-settings=\"{&quot;_animation&quot;:&quot;fadeIn&quot;}\" data-widget_type=\"text-editor.default\">\n\t\t\t\t\t\t\t\t\t<p data-pm-slice=\"1 1 []\">Komanche is a major player in the security of all types of sites, including high-risk environments.<\/p>\t\t\t\t\t\t\t\t<\/div>\n\t\t\t\t<div class=\"elementor-element elementor-element-8ea5e5b elementor-invisible elementor-widget elementor-widget-raven-icon\" data-id=\"8ea5e5b\" data-element_type=\"widget\" data-e-type=\"widget\" data-settings=\"{&quot;_animation&quot;:&quot;fadeInLeft&quot;}\" data-widget_type=\"raven-icon.default\">\n\t\t\t\t<div class=\"elementor-widget-container\">\n\t\t\t\t\t\t\t<div class=\"raven-icon-wrapper\">\n\t\t\t<div class=\"raven-icon\">\n\t\t\t\t<svg aria-hidden=\"true\" class=\"e-font-icon-svg e-fas-caret-down\" viewBox=\"0 0 320 512\" xmlns=\"http:\/\/www.w3.org\/2000\/svg\"><path d=\"M31.3 192h257.3c17.8 0 26.7 21.5 14.1 34.1L174.1 354.8c-7.8 7.8-20.5 7.8-28.3 0L17.2 226.1C4.6 213.5 13.5 192 31.3 192z\"><\/path><\/svg>\t\t\t<\/div>\n\t\t<\/div>\n\t\t\t\t\t\t<\/div>\n\t\t\t\t<\/div>\n\t\t\t\t<div class=\"elementor-element elementor-element-079089f animated-slow elementor-invisible elementor-widget elementor-widget-text-editor\" data-id=\"079089f\" data-element_type=\"widget\" data-e-type=\"widget\" data-settings=\"{&quot;_animation&quot;:&quot;fadeIn&quot;}\" data-widget_type=\"text-editor.default\">\n\t\t\t\t\t\t\t\t\t<p data-pm-slice=\"1 1 []\">This expertise feeds into all solutions designed by Komanche, including for less extreme contexts.<\/p>\t\t\t\t\t\t\t\t<\/div>\n\t\t\t\t\t<\/div>\n\t\t\t\t<\/div>\n\t\t<div class=\"elementor-element elementor-element-98613db e-flex e-con-boxed e-con e-parent\" data-id=\"98613db\" data-element_type=\"container\" data-e-type=\"container\" data-settings=\"{&quot;background_background&quot;:&quot;classic&quot;}\">\n\t\t\t\t\t<div class=\"e-con-inner\">\n\t\t<div class=\"elementor-element elementor-element-a59f88f e-con-full e-flex elementor-invisible e-con e-child\" data-id=\"a59f88f\" data-element_type=\"container\" data-e-type=\"container\" data-settings=\"{&quot;background_background&quot;:&quot;classic&quot;,&quot;animation&quot;:&quot;fadeIn&quot;}\">\n\t\t\t\t<div class=\"elementor-element elementor-element-99dd3da elementor-widget elementor-widget-text-editor\" data-id=\"99dd3da\" data-element_type=\"widget\" data-e-type=\"widget\" data-widget_type=\"text-editor.default\">\n\t\t\t\t\t\t\t\t\t<p data-start=\"1425\" data-end=\"1600\">The company has grown through intervention in particularly demanding contexts: sensitive sites, critical infrastructure, high-risk environments.<\/p><p data-start=\"1602\" data-end=\"1700\">This specialisation is not self-proclaimed: it results from projects carried out in contexts where:<\/p><ul><li data-start=\"1602\" data-end=\"1700\">security requirements are at their highest,<\/li><li data-start=\"1602\" data-end=\"1700\">cybersecurity is non-negotiable,<\/li><li data-start=\"1602\" data-end=\"1700\">failure is not an option.<\/li><\/ul>\t\t\t\t\t\t\t\t<\/div>\n\t\t\t\t<\/div>\n\t\t\t\t\t<\/div>\n\t\t\t\t<\/div>\n\t\t<div class=\"elementor-element elementor-element-a0cbc13 e-grid elementor-hidden-tablet elementor-hidden-mobile e-con-boxed e-con e-parent\" data-id=\"a0cbc13\" data-element_type=\"container\" data-e-type=\"container\" data-settings=\"{&quot;background_background&quot;:&quot;classic&quot;}\">\n\t\t\t\t\t<div class=\"e-con-inner\">\n\t\t\t\t<div class=\"elementor-element elementor-element-1b172a2 elementor-widget elementor-widget-image\" data-id=\"1b172a2\" data-element_type=\"widget\" data-e-type=\"widget\" data-widget_type=\"image.default\">\n\t\t\t\t\t\t\t\t\t\t\t\t<figure class=\"wp-caption\">\n\t\t\t\t\t\t\t\t\t\t<img fetchpriority=\"high\" decoding=\"async\" width=\"746\" height=\"1024\" src=\"https:\/\/www.komanche.fr\/eu\/wp-content\/uploads\/2026\/02\/transports2-1-1-746x1024.png\" class=\"attachment-large size-large wp-image-2429\" alt=\"\" srcset=\"https:\/\/www.komanche.fr\/eu\/wp-content\/uploads\/2026\/02\/transports2-1-1-746x1024.png 746w, https:\/\/www.komanche.fr\/eu\/wp-content\/uploads\/2026\/02\/transports2-1-1-218x300.png 218w, https:\/\/www.komanche.fr\/eu\/wp-content\/uploads\/2026\/02\/transports2-1-1-768x1055.png 768w, https:\/\/www.komanche.fr\/eu\/wp-content\/uploads\/2026\/02\/transports2-1-1.png 900w\" sizes=\"(max-width: 746px) 100vw, 746px\" \/>\t\t\t\t\t\t\t\t\t\t\t<figcaption class=\"widget-image-caption wp-caption-text\"><\/figcaption>\n\t\t\t\t\t\t\t\t\t\t<\/figure>\n\t\t\t\t\t\t\t\t\t<\/div>\n\t\t\t\t<div class=\"elementor-element elementor-element-50597ae elementor-widget elementor-widget-image\" data-id=\"50597ae\" data-element_type=\"widget\" data-e-type=\"widget\" data-widget_type=\"image.default\">\n\t\t\t\t\t\t\t\t\t\t\t\t<figure class=\"wp-caption\">\n\t\t\t\t\t\t\t\t\t\t<img decoding=\"async\" width=\"746\" height=\"1024\" src=\"https:\/\/www.komanche.fr\/eu\/wp-content\/uploads\/2026\/02\/tertiaire-1-1-746x1024.png\" class=\"attachment-large size-large wp-image-2872\" alt=\"\" srcset=\"https:\/\/www.komanche.fr\/eu\/wp-content\/uploads\/2026\/02\/tertiaire-1-1-746x1024.png 746w, https:\/\/www.komanche.fr\/eu\/wp-content\/uploads\/2026\/02\/tertiaire-1-1-218x300.png 218w, https:\/\/www.komanche.fr\/eu\/wp-content\/uploads\/2026\/02\/tertiaire-1-1-768x1055.png 768w, https:\/\/www.komanche.fr\/eu\/wp-content\/uploads\/2026\/02\/tertiaire-1-1.png 900w\" sizes=\"(max-width: 746px) 100vw, 746px\" \/>\t\t\t\t\t\t\t\t\t\t\t<figcaption class=\"widget-image-caption wp-caption-text\"><\/figcaption>\n\t\t\t\t\t\t\t\t\t\t<\/figure>\n\t\t\t\t\t\t\t\t\t<\/div>\n\t\t\t\t<div class=\"elementor-element elementor-element-fc90f37 elementor-widget elementor-widget-image\" data-id=\"fc90f37\" data-element_type=\"widget\" data-e-type=\"widget\" data-widget_type=\"image.default\">\n\t\t\t\t\t\t\t\t\t\t\t\t<figure class=\"wp-caption\">\n\t\t\t\t\t\t\t\t\t\t<img decoding=\"async\" width=\"746\" height=\"1024\" src=\"https:\/\/www.komanche.fr\/eu\/wp-content\/uploads\/2026\/02\/OIV-2-746x1024.png\" class=\"attachment-large size-large wp-image-2420\" alt=\"\" srcset=\"https:\/\/www.komanche.fr\/eu\/wp-content\/uploads\/2026\/02\/OIV-2-746x1024.png 746w, https:\/\/www.komanche.fr\/eu\/wp-content\/uploads\/2026\/02\/OIV-2-218x300.png 218w, https:\/\/www.komanche.fr\/eu\/wp-content\/uploads\/2026\/02\/OIV-2-768x1055.png 768w, https:\/\/www.komanche.fr\/eu\/wp-content\/uploads\/2026\/02\/OIV-2.png 900w\" sizes=\"(max-width: 746px) 100vw, 746px\" \/>\t\t\t\t\t\t\t\t\t\t\t<figcaption class=\"widget-image-caption wp-caption-text\"><\/figcaption>\n\t\t\t\t\t\t\t\t\t\t<\/figure>\n\t\t\t\t\t\t\t\t\t<\/div>\n\t\t\t\t<div class=\"elementor-element elementor-element-ced2d34 elementor-widget elementor-widget-image\" data-id=\"ced2d34\" data-element_type=\"widget\" data-e-type=\"widget\" data-widget_type=\"image.default\">\n\t\t\t\t\t\t\t\t\t\t\t\t<figure class=\"wp-caption\">\n\t\t\t\t\t\t\t\t\t\t<img loading=\"lazy\" decoding=\"async\" width=\"746\" height=\"1024\" src=\"https:\/\/www.komanche.fr\/eu\/wp-content\/uploads\/2026\/02\/defense-1-1-746x1024.png\" class=\"attachment-large size-large wp-image-2869\" alt=\"\" srcset=\"https:\/\/www.komanche.fr\/eu\/wp-content\/uploads\/2026\/02\/defense-1-1-746x1024.png 746w, https:\/\/www.komanche.fr\/eu\/wp-content\/uploads\/2026\/02\/defense-1-1-218x300.png 218w, https:\/\/www.komanche.fr\/eu\/wp-content\/uploads\/2026\/02\/defense-1-1-768x1055.png 768w, https:\/\/www.komanche.fr\/eu\/wp-content\/uploads\/2026\/02\/defense-1-1.png 900w\" sizes=\"(max-width: 746px) 100vw, 746px\" \/>\t\t\t\t\t\t\t\t\t\t\t<figcaption class=\"widget-image-caption wp-caption-text\"><\/figcaption>\n\t\t\t\t\t\t\t\t\t\t<\/figure>\n\t\t\t\t\t\t\t\t\t<\/div>\n\t\t\t\t<div class=\"elementor-element elementor-element-8c9b084 elementor-widget elementor-widget-image\" data-id=\"8c9b084\" data-element_type=\"widget\" data-e-type=\"widget\" data-widget_type=\"image.default\">\n\t\t\t\t\t\t\t\t\t\t\t\t<figure class=\"wp-caption\">\n\t\t\t\t\t\t\t\t\t\t<img loading=\"lazy\" decoding=\"async\" width=\"746\" height=\"1024\" src=\"https:\/\/www.komanche.fr\/eu\/wp-content\/uploads\/2026\/02\/collectivites-1-1-746x1024.png\" class=\"attachment-large size-large wp-image-2868\" alt=\"\" srcset=\"https:\/\/www.komanche.fr\/eu\/wp-content\/uploads\/2026\/02\/collectivites-1-1-746x1024.png 746w, https:\/\/www.komanche.fr\/eu\/wp-content\/uploads\/2026\/02\/collectivites-1-1-218x300.png 218w, https:\/\/www.komanche.fr\/eu\/wp-content\/uploads\/2026\/02\/collectivites-1-1-768x1055.png 768w, https:\/\/www.komanche.fr\/eu\/wp-content\/uploads\/2026\/02\/collectivites-1-1.png 900w\" sizes=\"(max-width: 746px) 100vw, 746px\" \/>\t\t\t\t\t\t\t\t\t\t\t<figcaption class=\"widget-image-caption wp-caption-text\"><\/figcaption>\n\t\t\t\t\t\t\t\t\t\t<\/figure>\n\t\t\t\t\t\t\t\t\t<\/div>\n\t\t\t\t<div class=\"elementor-element elementor-element-ab527fd elementor-widget elementor-widget-image\" data-id=\"ab527fd\" data-element_type=\"widget\" data-e-type=\"widget\" data-widget_type=\"image.default\">\n\t\t\t\t\t\t\t\t\t\t\t\t<figure class=\"wp-caption\">\n\t\t\t\t\t\t\t\t\t\t<img loading=\"lazy\" decoding=\"async\" width=\"746\" height=\"1024\" src=\"https:\/\/www.komanche.fr\/eu\/wp-content\/uploads\/2026\/02\/stade-1-1-746x1024.png\" class=\"attachment-large size-large wp-image-2871\" alt=\"\" srcset=\"https:\/\/www.komanche.fr\/eu\/wp-content\/uploads\/2026\/02\/stade-1-1-746x1024.png 746w, https:\/\/www.komanche.fr\/eu\/wp-content\/uploads\/2026\/02\/stade-1-1-218x300.png 218w, https:\/\/www.komanche.fr\/eu\/wp-content\/uploads\/2026\/02\/stade-1-1-768x1055.png 768w, https:\/\/www.komanche.fr\/eu\/wp-content\/uploads\/2026\/02\/stade-1-1.png 900w\" sizes=\"(max-width: 746px) 100vw, 746px\" \/>\t\t\t\t\t\t\t\t\t\t\t<figcaption class=\"widget-image-caption wp-caption-text\"><\/figcaption>\n\t\t\t\t\t\t\t\t\t\t<\/figure>\n\t\t\t\t\t\t\t\t\t<\/div>\n\t\t\t\t\t<\/div>\n\t\t\t\t<\/div>\n\t\t\t\t<\/div>\n\t\t","protected":false},"excerpt":{"rendered":"<p>Komanche is a major player in the security of all types of sites, including high-risk environments. This expertise feeds into all solutions designed by Komanche, including for less extreme contexts. The company has grown through intervention in particularly demanding contexts: sensitive sites, critical infrastructure, high-risk environments. This specialisation is not self-proclaimed: it results from projects [&hellip;]<\/p>\n","protected":false},"author":1,"featured_media":0,"parent":0,"menu_order":3,"comment_status":"closed","ping_status":"closed","template":"elementor_header_footer","meta":{"_acf_changed":false,"footnotes":""},"class_list":["post-2122","page","type-page","status-publish","hentry"],"acf":[],"yoast_head":"<!-- This site is optimized with the Yoast SEO plugin v27.2 - https:\/\/yoast.com\/product\/yoast-seo-wordpress\/ -->\n<title>Industries - Komanche<\/title>\n<meta name=\"robots\" content=\"index, follow, max-snippet:-1, max-image-preview:large, max-video-preview:-1\" \/>\n<link rel=\"canonical\" href=\"https:\/\/www.komanche.fr\/eu\/industries\/\" \/>\n<meta property=\"og:locale\" content=\"fr_FR\" \/>\n<meta property=\"og:type\" content=\"article\" \/>\n<meta property=\"og:title\" content=\"Industries - Komanche\" \/>\n<meta property=\"og:description\" content=\"Komanche is a major player in the security of all types of sites, including high-risk environments. This expertise feeds into all solutions designed by Komanche, including for less extreme contexts. The company has grown through intervention in particularly demanding contexts: sensitive sites, critical infrastructure, high-risk environments. This specialisation is not self-proclaimed: it results from projects [&hellip;]\" \/>\n<meta property=\"og:url\" content=\"https:\/\/www.komanche.fr\/eu\/industries\/\" \/>\n<meta property=\"og:site_name\" content=\"Komanche\" \/>\n<meta property=\"article:modified_time\" content=\"2026-03-10T11:05:14+00:00\" \/>\n<meta property=\"og:image\" content=\"https:\/\/www.komanche.fr\/eu\/wp-content\/uploads\/2026\/02\/transports2-1-1.png\" \/>\n\t<meta property=\"og:image:width\" content=\"900\" \/>\n\t<meta property=\"og:image:height\" content=\"1236\" \/>\n\t<meta property=\"og:image:type\" content=\"image\/png\" \/>\n<meta name=\"twitter:card\" content=\"summary_large_image\" \/>\n<script type=\"application\/ld+json\" class=\"yoast-schema-graph\">{\"@context\":\"https:\/\/schema.org\",\"@graph\":[{\"@type\":\"WebPage\",\"@id\":\"https:\/\/www.komanche.fr\/eu\/industries\/\",\"url\":\"https:\/\/www.komanche.fr\/eu\/industries\/\",\"name\":\"Industries - Komanche\",\"isPartOf\":{\"@id\":\"https:\/\/www.komanche.fr\/eu\/#website\"},\"primaryImageOfPage\":{\"@id\":\"https:\/\/www.komanche.fr\/eu\/industries\/#primaryimage\"},\"image\":{\"@id\":\"https:\/\/www.komanche.fr\/eu\/industries\/#primaryimage\"},\"thumbnailUrl\":\"https:\/\/www.komanche.fr\/eu\/wp-content\/uploads\/2026\/02\/transports2-1-1-746x1024.png\",\"datePublished\":\"2026-02-24T09:07:33+00:00\",\"dateModified\":\"2026-03-10T11:05:14+00:00\",\"breadcrumb\":{\"@id\":\"https:\/\/www.komanche.fr\/eu\/industries\/#breadcrumb\"},\"inLanguage\":\"fr-FR\",\"potentialAction\":[{\"@type\":\"ReadAction\",\"target\":[\"https:\/\/www.komanche.fr\/eu\/industries\/\"]}]},{\"@type\":\"ImageObject\",\"inLanguage\":\"fr-FR\",\"@id\":\"https:\/\/www.komanche.fr\/eu\/industries\/#primaryimage\",\"url\":\"https:\/\/www.komanche.fr\/eu\/wp-content\/uploads\/2026\/02\/transports2-1-1.png\",\"contentUrl\":\"https:\/\/www.komanche.fr\/eu\/wp-content\/uploads\/2026\/02\/transports2-1-1.png\",\"width\":900,\"height\":1236},{\"@type\":\"BreadcrumbList\",\"@id\":\"https:\/\/www.komanche.fr\/eu\/industries\/#breadcrumb\",\"itemListElement\":[{\"@type\":\"ListItem\",\"position\":1,\"name\":\"Accueil\",\"item\":\"https:\/\/www.komanche.fr\/eu\/\"},{\"@type\":\"ListItem\",\"position\":2,\"name\":\"Industries\"}]},{\"@type\":\"WebSite\",\"@id\":\"https:\/\/www.komanche.fr\/eu\/#website\",\"url\":\"https:\/\/www.komanche.fr\/eu\/\",\"name\":\"Komanche\",\"description\":\"Concepteur de syst\u00e8mes de s\u00fbret\u00e9 complexes, Souverains, intelligents et r\u00e9silients, con\u00e7us pour des environnements contraints.\",\"publisher\":{\"@id\":\"https:\/\/www.komanche.fr\/eu\/#organization\"},\"potentialAction\":[{\"@type\":\"SearchAction\",\"target\":{\"@type\":\"EntryPoint\",\"urlTemplate\":\"https:\/\/www.komanche.fr\/eu\/?s={search_term_string}\"},\"query-input\":{\"@type\":\"PropertyValueSpecification\",\"valueRequired\":true,\"valueName\":\"search_term_string\"}}],\"inLanguage\":\"fr-FR\"},{\"@type\":\"Organization\",\"@id\":\"https:\/\/www.komanche.fr\/eu\/#organization\",\"name\":\"Komanche\",\"url\":\"https:\/\/www.komanche.fr\/eu\/\",\"logo\":{\"@type\":\"ImageObject\",\"inLanguage\":\"fr-FR\",\"@id\":\"https:\/\/www.komanche.fr\/eu\/#\/schema\/logo\/image\/\",\"url\":\"https:\/\/www.komanche.fr\/eu\/wp-content\/uploads\/2026\/03\/Komanche-logo-1300-1.png\",\"contentUrl\":\"https:\/\/www.komanche.fr\/eu\/wp-content\/uploads\/2026\/03\/Komanche-logo-1300-1.png\",\"width\":1300,\"height\":774,\"caption\":\"Komanche\"},\"image\":{\"@id\":\"https:\/\/www.komanche.fr\/eu\/#\/schema\/logo\/image\/\"}}]}<\/script>\n<!-- \/ Yoast SEO plugin. -->","yoast_head_json":{"title":"Industries - Komanche","robots":{"index":"index","follow":"follow","max-snippet":"max-snippet:-1","max-image-preview":"max-image-preview:large","max-video-preview":"max-video-preview:-1"},"canonical":"https:\/\/www.komanche.fr\/eu\/industries\/","og_locale":"fr_FR","og_type":"article","og_title":"Industries - Komanche","og_description":"Komanche is a major player in the security of all types of sites, including high-risk environments. This expertise feeds into all solutions designed by Komanche, including for less extreme contexts. The company has grown through intervention in particularly demanding contexts: sensitive sites, critical infrastructure, high-risk environments. This specialisation is not self-proclaimed: it results from projects [&hellip;]","og_url":"https:\/\/www.komanche.fr\/eu\/industries\/","og_site_name":"Komanche","article_modified_time":"2026-03-10T11:05:14+00:00","og_image":[{"width":900,"height":1236,"url":"https:\/\/www.komanche.fr\/eu\/wp-content\/uploads\/2026\/02\/transports2-1-1.png","type":"image\/png"}],"twitter_card":"summary_large_image","schema":{"@context":"https:\/\/schema.org","@graph":[{"@type":"WebPage","@id":"https:\/\/www.komanche.fr\/eu\/industries\/","url":"https:\/\/www.komanche.fr\/eu\/industries\/","name":"Industries - Komanche","isPartOf":{"@id":"https:\/\/www.komanche.fr\/eu\/#website"},"primaryImageOfPage":{"@id":"https:\/\/www.komanche.fr\/eu\/industries\/#primaryimage"},"image":{"@id":"https:\/\/www.komanche.fr\/eu\/industries\/#primaryimage"},"thumbnailUrl":"https:\/\/www.komanche.fr\/eu\/wp-content\/uploads\/2026\/02\/transports2-1-1-746x1024.png","datePublished":"2026-02-24T09:07:33+00:00","dateModified":"2026-03-10T11:05:14+00:00","breadcrumb":{"@id":"https:\/\/www.komanche.fr\/eu\/industries\/#breadcrumb"},"inLanguage":"fr-FR","potentialAction":[{"@type":"ReadAction","target":["https:\/\/www.komanche.fr\/eu\/industries\/"]}]},{"@type":"ImageObject","inLanguage":"fr-FR","@id":"https:\/\/www.komanche.fr\/eu\/industries\/#primaryimage","url":"https:\/\/www.komanche.fr\/eu\/wp-content\/uploads\/2026\/02\/transports2-1-1.png","contentUrl":"https:\/\/www.komanche.fr\/eu\/wp-content\/uploads\/2026\/02\/transports2-1-1.png","width":900,"height":1236},{"@type":"BreadcrumbList","@id":"https:\/\/www.komanche.fr\/eu\/industries\/#breadcrumb","itemListElement":[{"@type":"ListItem","position":1,"name":"Accueil","item":"https:\/\/www.komanche.fr\/eu\/"},{"@type":"ListItem","position":2,"name":"Industries"}]},{"@type":"WebSite","@id":"https:\/\/www.komanche.fr\/eu\/#website","url":"https:\/\/www.komanche.fr\/eu\/","name":"Komanche","description":"Concepteur de syst\u00e8mes de s\u00fbret\u00e9 complexes, Souverains, intelligents et r\u00e9silients, con\u00e7us pour des environnements contraints.","publisher":{"@id":"https:\/\/www.komanche.fr\/eu\/#organization"},"potentialAction":[{"@type":"SearchAction","target":{"@type":"EntryPoint","urlTemplate":"https:\/\/www.komanche.fr\/eu\/?s={search_term_string}"},"query-input":{"@type":"PropertyValueSpecification","valueRequired":true,"valueName":"search_term_string"}}],"inLanguage":"fr-FR"},{"@type":"Organization","@id":"https:\/\/www.komanche.fr\/eu\/#organization","name":"Komanche","url":"https:\/\/www.komanche.fr\/eu\/","logo":{"@type":"ImageObject","inLanguage":"fr-FR","@id":"https:\/\/www.komanche.fr\/eu\/#\/schema\/logo\/image\/","url":"https:\/\/www.komanche.fr\/eu\/wp-content\/uploads\/2026\/03\/Komanche-logo-1300-1.png","contentUrl":"https:\/\/www.komanche.fr\/eu\/wp-content\/uploads\/2026\/03\/Komanche-logo-1300-1.png","width":1300,"height":774,"caption":"Komanche"},"image":{"@id":"https:\/\/www.komanche.fr\/eu\/#\/schema\/logo\/image\/"}}]}},"_links":{"self":[{"href":"https:\/\/www.komanche.fr\/eu\/wp-json\/wp\/v2\/pages\/2122","targetHints":{"allow":["GET"]}}],"collection":[{"href":"https:\/\/www.komanche.fr\/eu\/wp-json\/wp\/v2\/pages"}],"about":[{"href":"https:\/\/www.komanche.fr\/eu\/wp-json\/wp\/v2\/types\/page"}],"author":[{"embeddable":true,"href":"https:\/\/www.komanche.fr\/eu\/wp-json\/wp\/v2\/users\/1"}],"replies":[{"embeddable":true,"href":"https:\/\/www.komanche.fr\/eu\/wp-json\/wp\/v2\/comments?post=2122"}],"version-history":[{"count":6,"href":"https:\/\/www.komanche.fr\/eu\/wp-json\/wp\/v2\/pages\/2122\/revisions"}],"predecessor-version":[{"id":3025,"href":"https:\/\/www.komanche.fr\/eu\/wp-json\/wp\/v2\/pages\/2122\/revisions\/3025"}],"wp:attachment":[{"href":"https:\/\/www.komanche.fr\/eu\/wp-json\/wp\/v2\/media?parent=2122"}],"curies":[{"name":"wp","href":"https:\/\/api.w.org\/{rel}","templated":true}]}}