{"id":1881,"date":"2026-02-20T10:13:41","date_gmt":"2026-02-20T09:13:41","guid":{"rendered":"http:\/\/asvxadw.cluster100.hosting.ovh.net\/?page_id=1881"},"modified":"2026-03-10T12:03:29","modified_gmt":"2026-03-10T11:03:29","slug":"showroom","status":"publish","type":"page","link":"https:\/\/www.komanche.fr\/eu\/showroom\/","title":{"rendered":"Showroom"},"content":{"rendered":"\t\t<div data-elementor-type=\"wp-page\" data-elementor-id=\"1881\" class=\"elementor elementor-1881\">\n\t\t\t\t<div class=\"elementor-element elementor-element-1e52935 e-flex e-con-boxed e-con e-parent\" data-id=\"1e52935\" data-element_type=\"container\" data-e-type=\"container\" data-settings=\"{&quot;background_background&quot;:&quot;video&quot;}\">\n\t\t\t\t\t<div class=\"e-con-inner\">\n\t\t\t\t<div class=\"elementor-element elementor-element-210db9c animated-slow elementor-invisible elementor-widget elementor-widget-text-editor\" data-id=\"210db9c\" data-element_type=\"widget\" data-e-type=\"widget\" data-settings=\"{&quot;_animation&quot;:&quot;fadeIn&quot;}\" data-widget_type=\"text-editor.default\">\n\t\t\t\t\t\t\t\t\t<p data-pm-slice=\"1 1 []\">A Technology Showroom<\/p>\t\t\t\t\t\t\t\t<\/div>\n\t\t\t\t<div class=\"elementor-element elementor-element-96b48b5 animated-slow elementor-invisible elementor-widget elementor-widget-text-editor\" data-id=\"96b48b5\" data-element_type=\"widget\" data-e-type=\"widget\" data-settings=\"{&quot;_animation&quot;:&quot;fadeIn&quot;}\" data-widget_type=\"text-editor.default\">\n\t\t\t\t\t\t\t\t\t<p data-pm-slice=\"1 1 []\">(O.I.V Framework)<\/p>\t\t\t\t\t\t\t\t<\/div>\n\t\t\t\t<div class=\"elementor-element elementor-element-2ab8d33 elementor-invisible elementor-widget elementor-widget-raven-icon\" data-id=\"2ab8d33\" data-element_type=\"widget\" data-e-type=\"widget\" data-settings=\"{&quot;_animation&quot;:&quot;fadeInLeft&quot;}\" data-widget_type=\"raven-icon.default\">\n\t\t\t\t<div class=\"elementor-widget-container\">\n\t\t\t\t\t\t\t<div class=\"raven-icon-wrapper\">\n\t\t\t<div class=\"raven-icon\">\n\t\t\t\t<svg aria-hidden=\"true\" class=\"e-font-icon-svg e-fas-caret-down\" viewBox=\"0 0 320 512\" xmlns=\"http:\/\/www.w3.org\/2000\/svg\"><path d=\"M31.3 192h257.3c17.8 0 26.7 21.5 14.1 34.1L174.1 354.8c-7.8 7.8-20.5 7.8-28.3 0L17.2 226.1C4.6 213.5 13.5 192 31.3 192z\"><\/path><\/svg>\t\t\t<\/div>\n\t\t<\/div>\n\t\t\t\t\t\t<\/div>\n\t\t\t\t<\/div>\n\t\t\t\t<div class=\"elementor-element elementor-element-ceefdb9 animated-slow elementor-invisible elementor-widget elementor-widget-text-editor\" data-id=\"ceefdb9\" data-element_type=\"widget\" data-e-type=\"widget\" data-settings=\"{&quot;_animation&quot;:&quot;fadeIn&quot;}\" data-widget_type=\"text-editor.default\">\n\t\t\t\t\t\t\t\t\t<p data-pm-slice=\"1 1 []\">The technological solutions you purchase <strong>are systematically tested beforehand<\/strong><\/p>\t\t\t\t\t\t\t\t<\/div>\n\t\t\t\t<div class=\"elementor-element elementor-element-f477fb3 elementor-fixed elementor-widget elementor-widget-image\" data-id=\"f477fb3\" data-element_type=\"widget\" data-e-type=\"widget\" data-settings=\"{&quot;_position&quot;:&quot;fixed&quot;}\" data-widget_type=\"image.default\">\n\t\t\t\t\t\t\t\t\t\t\t\t\t\t\t<img fetchpriority=\"high\" decoding=\"async\" width=\"990\" height=\"1024\" src=\"https:\/\/www.komanche.fr\/eu\/wp-content\/uploads\/2026\/02\/Droite-1-990x1024.png\" class=\"attachment-large size-large wp-image-1239\" alt=\"\" srcset=\"https:\/\/www.komanche.fr\/eu\/wp-content\/uploads\/2026\/02\/Droite-1-990x1024.png 990w, https:\/\/www.komanche.fr\/eu\/wp-content\/uploads\/2026\/02\/Droite-1-290x300.png 290w, https:\/\/www.komanche.fr\/eu\/wp-content\/uploads\/2026\/02\/Droite-1-768x794.png 768w, https:\/\/www.komanche.fr\/eu\/wp-content\/uploads\/2026\/02\/Droite-1.png 1044w\" sizes=\"(max-width: 990px) 100vw, 990px\" \/>\t\t\t\t\t\t\t\t\t\t\t\t\t\t\t<\/div>\n\t\t\t\t\t<\/div>\n\t\t\t\t<\/div>\n\t\t<div class=\"elementor-element elementor-element-03cc62b e-flex e-con-boxed e-con e-parent\" data-id=\"03cc62b\" data-element_type=\"container\" data-e-type=\"container\" data-settings=\"{&quot;background_background&quot;:&quot;classic&quot;}\">\n\t\t\t\t\t<div class=\"e-con-inner\">\n\t\t<div class=\"elementor-element elementor-element-0640147 e-con-full e-flex e-con e-child\" data-id=\"0640147\" data-element_type=\"container\" data-e-type=\"container\" data-settings=\"{&quot;background_background&quot;:&quot;classic&quot;}\">\n\t\t\t\t<div class=\"elementor-element elementor-element-f31cb71 elementor-widget elementor-widget-text-editor\" data-id=\"f31cb71\" data-element_type=\"widget\" data-e-type=\"widget\" data-widget_type=\"text-editor.default\">\n\t\t\t\t\t\t\t\t\t<p>At the heart of a renowned former military base, 60km west of Paris, the Komanche Showroom is a genuine experimentation and demonstration ground for the solutions we design and develop for our clients.<\/p>\t\t\t\t\t\t\t\t<\/div>\n\t\t\t\t<div class=\"elementor-element elementor-element-23d3a39 elementor-invisible elementor-widget elementor-widget-raven-icon\" data-id=\"23d3a39\" data-element_type=\"widget\" data-e-type=\"widget\" data-settings=\"{&quot;_animation&quot;:&quot;fadeInLeft&quot;}\" data-widget_type=\"raven-icon.default\">\n\t\t\t\t<div class=\"elementor-widget-container\">\n\t\t\t\t\t\t\t<div class=\"raven-icon-wrapper\">\n\t\t\t<div class=\"raven-icon\">\n\t\t\t\t<svg aria-hidden=\"true\" class=\"e-font-icon-svg e-fas-caret-down\" viewBox=\"0 0 320 512\" xmlns=\"http:\/\/www.w3.org\/2000\/svg\"><path d=\"M31.3 192h257.3c17.8 0 26.7 21.5 14.1 34.1L174.1 354.8c-7.8 7.8-20.5 7.8-28.3 0L17.2 226.1C4.6 213.5 13.5 192 31.3 192z\"><\/path><\/svg>\t\t\t<\/div>\n\t\t<\/div>\n\t\t\t\t\t\t<\/div>\n\t\t\t\t<\/div>\n\t\t\t\t<div class=\"elementor-element elementor-element-94b3282 elementor-hidden-desktop elementor-widget elementor-widget-image\" data-id=\"94b3282\" data-element_type=\"widget\" data-e-type=\"widget\" data-widget_type=\"image.default\">\n\t\t\t\t\t\t\t\t\t\t\t\t\t\t\t<img decoding=\"async\" width=\"1024\" height=\"850\" src=\"https:\/\/www.komanche.fr\/eu\/wp-content\/uploads\/2026\/01\/Capture-decran-2026-01-29-a-14.22.43-1-1024x850.png\" class=\"attachment-large size-large wp-image-869\" alt=\"\" srcset=\"https:\/\/www.komanche.fr\/eu\/wp-content\/uploads\/2026\/01\/Capture-decran-2026-01-29-a-14.22.43-1-1024x850.png 1024w, https:\/\/www.komanche.fr\/eu\/wp-content\/uploads\/2026\/01\/Capture-decran-2026-01-29-a-14.22.43-1-300x249.png 300w, https:\/\/www.komanche.fr\/eu\/wp-content\/uploads\/2026\/01\/Capture-decran-2026-01-29-a-14.22.43-1.png 1598w\" sizes=\"(max-width: 1024px) 100vw, 1024px\" \/>\t\t\t\t\t\t\t\t\t\t\t\t\t\t\t<\/div>\n\t\t\t\t<div class=\"elementor-element elementor-element-338939f elementor-hidden-desktop elementor-widget elementor-widget-image\" data-id=\"338939f\" data-element_type=\"widget\" data-e-type=\"widget\" data-widget_type=\"image.default\">\n\t\t\t\t\t\t\t\t\t\t\t\t\t\t\t<img decoding=\"async\" width=\"1024\" height=\"826\" src=\"https:\/\/www.komanche.fr\/eu\/wp-content\/uploads\/2026\/01\/Capture-decran-2026-01-29-a-14.23.21-1-1024x826.png\" class=\"attachment-large size-large wp-image-868\" alt=\"\" srcset=\"https:\/\/www.komanche.fr\/eu\/wp-content\/uploads\/2026\/01\/Capture-decran-2026-01-29-a-14.23.21-1-1024x826.png 1024w, https:\/\/www.komanche.fr\/eu\/wp-content\/uploads\/2026\/01\/Capture-decran-2026-01-29-a-14.23.21-1-300x242.png 300w, https:\/\/www.komanche.fr\/eu\/wp-content\/uploads\/2026\/01\/Capture-decran-2026-01-29-a-14.23.21-1-768x619.png 768w, https:\/\/www.komanche.fr\/eu\/wp-content\/uploads\/2026\/01\/Capture-decran-2026-01-29-a-14.23.21-1.png 1416w\" sizes=\"(max-width: 1024px) 100vw, 1024px\" \/>\t\t\t\t\t\t\t\t\t\t\t\t\t\t\t<\/div>\n\t\t\t\t<div class=\"elementor-element elementor-element-f7cc80c elementor-hidden-desktop elementor-widget elementor-widget-image\" data-id=\"f7cc80c\" data-element_type=\"widget\" data-e-type=\"widget\" data-widget_type=\"image.default\">\n\t\t\t\t\t\t\t\t\t\t\t\t\t\t\t<img loading=\"lazy\" decoding=\"async\" width=\"1024\" height=\"1019\" src=\"https:\/\/www.komanche.fr\/eu\/wp-content\/uploads\/2026\/01\/Capture-decran-2026-01-29-a-14.23.42-1-1024x1019.png\" class=\"attachment-large size-large wp-image-867\" alt=\"\" srcset=\"https:\/\/www.komanche.fr\/eu\/wp-content\/uploads\/2026\/01\/Capture-decran-2026-01-29-a-14.23.42-1-1024x1019.png 1024w, https:\/\/www.komanche.fr\/eu\/wp-content\/uploads\/2026\/01\/Capture-decran-2026-01-29-a-14.23.42-1-300x300.png 300w, https:\/\/www.komanche.fr\/eu\/wp-content\/uploads\/2026\/01\/Capture-decran-2026-01-29-a-14.23.42-1-150x150.png 150w, https:\/\/www.komanche.fr\/eu\/wp-content\/uploads\/2026\/01\/Capture-decran-2026-01-29-a-14.23.42-1-768x764.png 768w, https:\/\/www.komanche.fr\/eu\/wp-content\/uploads\/2026\/01\/Capture-decran-2026-01-29-a-14.23.42-1.png 1224w\" sizes=\"(max-width: 1024px) 100vw, 1024px\" \/>\t\t\t\t\t\t\t\t\t\t\t\t\t\t\t<\/div>\n\t\t\t\t<\/div>\n\t\t\t\t<div class=\"elementor-element elementor-element-1455c1b elementor-align-center elementor-widget elementor-widget-button\" data-id=\"1455c1b\" data-element_type=\"widget\" data-e-type=\"widget\" data-widget_type=\"button.default\">\n\t\t\t\t\t\t\t\t\t\t<a class=\"elementor-button elementor-button-link elementor-size-sm\" href=\"https:\/\/www.komanche.fr\/eu\/\/eu\/\/contact\/\">\n\t\t\t\t\t\t<span class=\"elementor-button-content-wrapper\">\n\t\t\t\t\t\t\t\t\t<span class=\"elementor-button-text\">Come and meet us to experience the value of our solutions first-hand.<\/span>\n\t\t\t\t\t<\/span>\n\t\t\t\t\t<\/a>\n\t\t\t\t\t\t\t\t<\/div>\n\t\t\t\t\t<\/div>\n\t\t\t\t<\/div>\n\t\t<div class=\"elementor-element elementor-element-532b8de e-flex e-con-boxed e-con e-parent\" data-id=\"532b8de\" data-element_type=\"container\" data-e-type=\"container\" data-settings=\"{&quot;background_background&quot;:&quot;classic&quot;}\">\n\t\t\t\t\t<div class=\"e-con-inner\">\n\t\t\t\t\t<\/div>\n\t\t\t\t<\/div>\n\t\t<div class=\"elementor-element elementor-element-63563ac e-con-full e-flex e-con e-parent\" data-id=\"63563ac\" data-element_type=\"container\" data-e-type=\"container\" data-settings=\"{&quot;background_background&quot;:&quot;classic&quot;}\">\n\t\t\t\t<\/div>\n\t\t\t\t<\/div>\n\t\t","protected":false},"excerpt":{"rendered":"<p>A Technology Showroom (O.I.V Framework) The technological solutions you purchase are systematically tested beforehand At the heart of a renowned former military base, 60km west of Paris, the Komanche Showroom is a genuine experimentation and demonstration ground for the solutions we design and develop for our clients. Come and meet us to experience the value [&hellip;]<\/p>\n","protected":false},"author":1,"featured_media":0,"parent":0,"menu_order":3,"comment_status":"closed","ping_status":"closed","template":"elementor_header_footer","meta":{"_acf_changed":false,"footnotes":""},"class_list":["post-1881","page","type-page","status-publish","hentry"],"acf":[],"yoast_head":"<!-- This site is optimized with the Yoast SEO plugin v27.2 - https:\/\/yoast.com\/product\/yoast-seo-wordpress\/ -->\n<title>Showroom - Komanche<\/title>\n<meta name=\"robots\" content=\"index, follow, max-snippet:-1, max-image-preview:large, max-video-preview:-1\" \/>\n<link rel=\"canonical\" href=\"https:\/\/www.komanche.fr\/eu\/showroom\/\" \/>\n<meta property=\"og:locale\" content=\"fr_FR\" \/>\n<meta property=\"og:type\" content=\"article\" \/>\n<meta property=\"og:title\" content=\"Showroom - Komanche\" \/>\n<meta property=\"og:description\" content=\"A Technology Showroom (O.I.V Framework) The technological solutions you purchase are systematically tested beforehand At the heart of a renowned former military base, 60km west of Paris, the Komanche Showroom is a genuine experimentation and demonstration ground for the solutions we design and develop for our clients. Come and meet us to experience the value [&hellip;]\" \/>\n<meta property=\"og:url\" content=\"https:\/\/www.komanche.fr\/eu\/showroom\/\" \/>\n<meta property=\"og:site_name\" content=\"Komanche\" \/>\n<meta property=\"article:modified_time\" content=\"2026-03-10T11:03:29+00:00\" \/>\n<meta property=\"og:image\" content=\"https:\/\/www.komanche.fr\/eu\/wp-content\/uploads\/2026\/02\/Droite-1.png\" \/>\n\t<meta property=\"og:image:width\" content=\"1044\" \/>\n\t<meta property=\"og:image:height\" content=\"1080\" \/>\n\t<meta property=\"og:image:type\" content=\"image\/png\" \/>\n<meta name=\"twitter:card\" content=\"summary_large_image\" \/>\n<script type=\"application\/ld+json\" class=\"yoast-schema-graph\">{\"@context\":\"https:\/\/schema.org\",\"@graph\":[{\"@type\":\"WebPage\",\"@id\":\"https:\/\/www.komanche.fr\/eu\/showroom\/\",\"url\":\"https:\/\/www.komanche.fr\/eu\/showroom\/\",\"name\":\"Showroom - Komanche\",\"isPartOf\":{\"@id\":\"https:\/\/www.komanche.fr\/eu\/#website\"},\"primaryImageOfPage\":{\"@id\":\"https:\/\/www.komanche.fr\/eu\/showroom\/#primaryimage\"},\"image\":{\"@id\":\"https:\/\/www.komanche.fr\/eu\/showroom\/#primaryimage\"},\"thumbnailUrl\":\"https:\/\/www.komanche.fr\/eu\/wp-content\/uploads\/2026\/02\/Droite-1-990x1024.png\",\"datePublished\":\"2026-02-20T09:13:41+00:00\",\"dateModified\":\"2026-03-10T11:03:29+00:00\",\"breadcrumb\":{\"@id\":\"https:\/\/www.komanche.fr\/eu\/showroom\/#breadcrumb\"},\"inLanguage\":\"fr-FR\",\"potentialAction\":[{\"@type\":\"ReadAction\",\"target\":[\"https:\/\/www.komanche.fr\/eu\/showroom\/\"]}]},{\"@type\":\"ImageObject\",\"inLanguage\":\"fr-FR\",\"@id\":\"https:\/\/www.komanche.fr\/eu\/showroom\/#primaryimage\",\"url\":\"https:\/\/www.komanche.fr\/eu\/wp-content\/uploads\/2026\/02\/Droite-1.png\",\"contentUrl\":\"https:\/\/www.komanche.fr\/eu\/wp-content\/uploads\/2026\/02\/Droite-1.png\",\"width\":1044,\"height\":1080},{\"@type\":\"BreadcrumbList\",\"@id\":\"https:\/\/www.komanche.fr\/eu\/showroom\/#breadcrumb\",\"itemListElement\":[{\"@type\":\"ListItem\",\"position\":1,\"name\":\"Accueil\",\"item\":\"https:\/\/www.komanche.fr\/eu\/\"},{\"@type\":\"ListItem\",\"position\":2,\"name\":\"Showroom\"}]},{\"@type\":\"WebSite\",\"@id\":\"https:\/\/www.komanche.fr\/eu\/#website\",\"url\":\"https:\/\/www.komanche.fr\/eu\/\",\"name\":\"Komanche\",\"description\":\"Concepteur de syst\u00e8mes de s\u00fbret\u00e9 complexes, Souverains, intelligents et r\u00e9silients, con\u00e7us pour des environnements contraints.\",\"publisher\":{\"@id\":\"https:\/\/www.komanche.fr\/eu\/#organization\"},\"potentialAction\":[{\"@type\":\"SearchAction\",\"target\":{\"@type\":\"EntryPoint\",\"urlTemplate\":\"https:\/\/www.komanche.fr\/eu\/?s={search_term_string}\"},\"query-input\":{\"@type\":\"PropertyValueSpecification\",\"valueRequired\":true,\"valueName\":\"search_term_string\"}}],\"inLanguage\":\"fr-FR\"},{\"@type\":\"Organization\",\"@id\":\"https:\/\/www.komanche.fr\/eu\/#organization\",\"name\":\"Komanche\",\"url\":\"https:\/\/www.komanche.fr\/eu\/\",\"logo\":{\"@type\":\"ImageObject\",\"inLanguage\":\"fr-FR\",\"@id\":\"https:\/\/www.komanche.fr\/eu\/#\/schema\/logo\/image\/\",\"url\":\"https:\/\/www.komanche.fr\/eu\/wp-content\/uploads\/2026\/03\/Komanche-logo-1300-1.png\",\"contentUrl\":\"https:\/\/www.komanche.fr\/eu\/wp-content\/uploads\/2026\/03\/Komanche-logo-1300-1.png\",\"width\":1300,\"height\":774,\"caption\":\"Komanche\"},\"image\":{\"@id\":\"https:\/\/www.komanche.fr\/eu\/#\/schema\/logo\/image\/\"}}]}<\/script>\n<!-- \/ Yoast SEO plugin. -->","yoast_head_json":{"title":"Showroom - Komanche","robots":{"index":"index","follow":"follow","max-snippet":"max-snippet:-1","max-image-preview":"max-image-preview:large","max-video-preview":"max-video-preview:-1"},"canonical":"https:\/\/www.komanche.fr\/eu\/showroom\/","og_locale":"fr_FR","og_type":"article","og_title":"Showroom - Komanche","og_description":"A Technology Showroom (O.I.V Framework) The technological solutions you purchase are systematically tested beforehand At the heart of a renowned former military base, 60km west of Paris, the Komanche Showroom is a genuine experimentation and demonstration ground for the solutions we design and develop for our clients. Come and meet us to experience the value [&hellip;]","og_url":"https:\/\/www.komanche.fr\/eu\/showroom\/","og_site_name":"Komanche","article_modified_time":"2026-03-10T11:03:29+00:00","og_image":[{"width":1044,"height":1080,"url":"https:\/\/www.komanche.fr\/eu\/wp-content\/uploads\/2026\/02\/Droite-1.png","type":"image\/png"}],"twitter_card":"summary_large_image","schema":{"@context":"https:\/\/schema.org","@graph":[{"@type":"WebPage","@id":"https:\/\/www.komanche.fr\/eu\/showroom\/","url":"https:\/\/www.komanche.fr\/eu\/showroom\/","name":"Showroom - Komanche","isPartOf":{"@id":"https:\/\/www.komanche.fr\/eu\/#website"},"primaryImageOfPage":{"@id":"https:\/\/www.komanche.fr\/eu\/showroom\/#primaryimage"},"image":{"@id":"https:\/\/www.komanche.fr\/eu\/showroom\/#primaryimage"},"thumbnailUrl":"https:\/\/www.komanche.fr\/eu\/wp-content\/uploads\/2026\/02\/Droite-1-990x1024.png","datePublished":"2026-02-20T09:13:41+00:00","dateModified":"2026-03-10T11:03:29+00:00","breadcrumb":{"@id":"https:\/\/www.komanche.fr\/eu\/showroom\/#breadcrumb"},"inLanguage":"fr-FR","potentialAction":[{"@type":"ReadAction","target":["https:\/\/www.komanche.fr\/eu\/showroom\/"]}]},{"@type":"ImageObject","inLanguage":"fr-FR","@id":"https:\/\/www.komanche.fr\/eu\/showroom\/#primaryimage","url":"https:\/\/www.komanche.fr\/eu\/wp-content\/uploads\/2026\/02\/Droite-1.png","contentUrl":"https:\/\/www.komanche.fr\/eu\/wp-content\/uploads\/2026\/02\/Droite-1.png","width":1044,"height":1080},{"@type":"BreadcrumbList","@id":"https:\/\/www.komanche.fr\/eu\/showroom\/#breadcrumb","itemListElement":[{"@type":"ListItem","position":1,"name":"Accueil","item":"https:\/\/www.komanche.fr\/eu\/"},{"@type":"ListItem","position":2,"name":"Showroom"}]},{"@type":"WebSite","@id":"https:\/\/www.komanche.fr\/eu\/#website","url":"https:\/\/www.komanche.fr\/eu\/","name":"Komanche","description":"Concepteur de syst\u00e8mes de s\u00fbret\u00e9 complexes, Souverains, intelligents et r\u00e9silients, con\u00e7us pour des environnements contraints.","publisher":{"@id":"https:\/\/www.komanche.fr\/eu\/#organization"},"potentialAction":[{"@type":"SearchAction","target":{"@type":"EntryPoint","urlTemplate":"https:\/\/www.komanche.fr\/eu\/?s={search_term_string}"},"query-input":{"@type":"PropertyValueSpecification","valueRequired":true,"valueName":"search_term_string"}}],"inLanguage":"fr-FR"},{"@type":"Organization","@id":"https:\/\/www.komanche.fr\/eu\/#organization","name":"Komanche","url":"https:\/\/www.komanche.fr\/eu\/","logo":{"@type":"ImageObject","inLanguage":"fr-FR","@id":"https:\/\/www.komanche.fr\/eu\/#\/schema\/logo\/image\/","url":"https:\/\/www.komanche.fr\/eu\/wp-content\/uploads\/2026\/03\/Komanche-logo-1300-1.png","contentUrl":"https:\/\/www.komanche.fr\/eu\/wp-content\/uploads\/2026\/03\/Komanche-logo-1300-1.png","width":1300,"height":774,"caption":"Komanche"},"image":{"@id":"https:\/\/www.komanche.fr\/eu\/#\/schema\/logo\/image\/"}}]}},"_links":{"self":[{"href":"https:\/\/www.komanche.fr\/eu\/wp-json\/wp\/v2\/pages\/1881","targetHints":{"allow":["GET"]}}],"collection":[{"href":"https:\/\/www.komanche.fr\/eu\/wp-json\/wp\/v2\/pages"}],"about":[{"href":"https:\/\/www.komanche.fr\/eu\/wp-json\/wp\/v2\/types\/page"}],"author":[{"embeddable":true,"href":"https:\/\/www.komanche.fr\/eu\/wp-json\/wp\/v2\/users\/1"}],"replies":[{"embeddable":true,"href":"https:\/\/www.komanche.fr\/eu\/wp-json\/wp\/v2\/comments?post=1881"}],"version-history":[{"count":6,"href":"https:\/\/www.komanche.fr\/eu\/wp-json\/wp\/v2\/pages\/1881\/revisions"}],"predecessor-version":[{"id":3022,"href":"https:\/\/www.komanche.fr\/eu\/wp-json\/wp\/v2\/pages\/1881\/revisions\/3022"}],"wp:attachment":[{"href":"https:\/\/www.komanche.fr\/eu\/wp-json\/wp\/v2\/media?parent=1881"}],"curies":[{"name":"wp","href":"https:\/\/api.w.org\/{rel}","templated":true}]}}